{"id":3,"date":"2025-06-25T15:23:11","date_gmt":"2025-06-25T07:23:11","guid":{"rendered":"https:\/\/www.nanyanggroups.com\/?page_id=3"},"modified":"2025-09-12T09:49:15","modified_gmt":"2025-09-12T01:49:15","slug":"privacy-policy","status":"publish","type":"page","link":"https:\/\/www.nanyanggroups.com\/de\/privacy-policy\/","title":{"rendered":"Datenschutzerkl\u00e4rung"},"content":{"rendered":"<h2 class=\"wp-block-heading\">Wer sind wir?<\/h2>\r\n\r\n\r\n<p><strong class=\"privacy-policy-tutorial\">Empfohlener Text: <\/strong>\u6211\u4eec\u7684\u7ad9\u70b9\u5730\u5740\u662f\uff1ahttps:\/\/www.nanyanggroups.com\u3002<\/p>\r\n\r\n\r\n<h2 class=\"wp-block-heading\">Kommentar<\/h2>\r\n\r\n\r\n<p><strong class=\"privacy-policy-tutorial\">Empfohlener Text: <\/strong>Wenn Besucher einen Kommentar hinterlassen, sammeln wir die Daten, die im Kommentarformular angezeigt werden, sowie die IP-Adresse des Besuchers und die User-Agent-Zeichenfolge des Browsers, um Spam-Kommentare zu \u00fcberpr\u00fcfen.<\/p>\r\n\r\n\r\n<p>\u7531\u60a8\u7684\u90ae\u7bb1\u5730\u5740\u6240\u751f\u6210\u7684\u533f\u540d\u5316\u5b57\u7b26\u4e32\uff08\u53c8\u79f0\u4e3a\u54c8\u5e0c\uff09\u53ef\u80fd\u4f1a\u88ab\u63d0\u4f9b\u7ed9 Gravatar \u670d\u52a1\u786e\u8ba4\u60a8\u662f\u5426\u6709\u4f7f\u7528\u8be5\u670d\u52a1\u3002 Gravatar \u670d\u52a1\u7684\u9690\u79c1\u653f\u7b56\u5728\u6b64\uff1ahttps:\/\/automattic.com\/privacy\/\u3002\u5728\u60a8\u7684\u8bc4\u8bba\u83b7\u6279\u51c6\u540e\uff0c\u60a8\u7684\u8d44\u6599\u56fe\u7247\u5c06\u5728\u60a8\u7684\u8bc4\u8bba\u65c1\u516c\u5f00\u5c55\u793a\u3002<\/p>\r\n\r\n\r\n<h2 class=\"wp-block-heading\">Medien<\/h2>\r\n\r\n\r\n<p><strong class=\"privacy-policy-tutorial\">Empfohlener Text: <\/strong>Wenn Sie Bilder auf diese Website hochladen, sollten Sie vermeiden, Bilder mit eingebetteten Geopositionsinformationen (EXIF GPS) hochzuladen. Besucher dieser Website k\u00f6nnen Standortinformationen aus Bildern dieser Website herunterladen und extrahieren.<\/p>\r\n\r\n\r\n<h2 class=\"wp-block-heading\">Cookies<\/h2>\r\n\r\n\r\n<p><strong class=\"privacy-policy-tutorial\">Empfohlener Text: <\/strong>Wenn Sie einen Kommentar auf unserer Website hinterlassen, haben Sie die M\u00f6glichkeit, Ihren Namen, Ihre E-Mail-Adresse und Ihre Website-Adresse mit Cookies zu speichern. Dies erleichtert Ihnen, indem Sie es erm\u00f6glichen, den Inhalt beim Kommentar nicht erneut auszuf\u00fcllen. Diese Cookies bleiben ein Jahr lang.<\/p>\r\n\r\n\r\n<p>Wenn Sie unsere Anmeldeseite besuchen, setzen wir ein tempor\u00e4res Cookie, um zu best\u00e4tigen, ob Ihr Browser Cookies akzeptiert. Dieses Cookie enth\u00e4lt keine personenbezogenen Daten und wird beim Schlie\u00dfen Ihres Browsers verloren gegangen.<\/p>\r\n\r\n\r\n<p>Wenn Sie sich anmelden, setzen wir auch mehrere Cookies, um Ihre Anmeldeinformationen und die Optionen f\u00fcr die Anzeige des Bildschirms zu speichern. Die Anmeldungscookies bleiben zwei Tage lang und die Optionen zur Bildschirmausgabe bleiben ein Jahr lang. Wenn Sie \"Mir erinnern\" ausw\u00e4hlen, bleibt Ihr Anmeldestatus f\u00fcr zwei Wochen erhalten. Wenn Sie sich bei Ihrem Konto abmelden, werden die Cookies, die f\u00fcr die Anmeldung verwendet werden, gel\u00f6scht.<\/p>\r\n\r\n\r\n<p>Wenn Sie einen Artikel bearbeiten oder ver\u00f6ffentlichen, speichern wir ein zus\u00e4tzliches Cookie in Ihrem Browser. Dieses Cookie enth\u00e4lt keine pers\u00f6nlichen Daten, sondern erfasst nur die ID des Artikels, den Sie gerade bearbeitet haben. Dieses Cookie bleibt einen Tag lang.<\/p>\r\n\r\n\r\n<h2 class=\"wp-block-heading\">Eingebettete Inhalte von anderen Websites<\/h2>\r\n\r\n\r\n<p><strong class=\"privacy-policy-tutorial\">Empfohlener Text: <\/strong>Artikel auf dieser Website k\u00f6nnen eingebettete Inhalte (z. B. Videos, Bilder, Artikel usw.) enthalten. Das Verhalten von eingebetteten Inhalten von anderen Websites unterscheidet sich nicht von Ihrem direkten Zugriff auf diese anderen Websites.<\/p>\r\n\r\n\r\n<p>Diese Websites k\u00f6nnen Daten \u00fcber Sie sammeln, Cookies verwenden, zus\u00e4tzliche Tracking-Programme von Drittanbietern einbetten und Ihre Interaktion mit diesen eingebetteten Inhalten \u00fcberwachen, einschlie\u00dflich Ihrer Interaktion mit eingebetteten Inhalten, wenn Sie ein Konto auf diesen Websites haben und sich auf diesen Websites anmelden.<\/p>\r\n\r\n\r\n<h2 class=\"wp-block-heading\">Mit wem teilen wir Ihre Daten?<\/h2>\r\n\r\n\r\n<p><strong class=\"privacy-policy-tutorial\">Empfohlener Text: <\/strong>Wenn Sie ein Passwort zur\u00fccksetzen m\u00f6chten, wird Ihre IP-Adresse in der Passwort-R\u00fccksetzungs-E-Mail enthalten.<\/p>\r\n\r\n\r\n<h2 class=\"wp-block-heading\">Wie lange speichern wir Ihre Daten?<\/h2>\r\n\r\n\r\n<p><strong class=\"privacy-policy-tutorial\">Empfohlener Text: <\/strong>Wenn Sie einen Kommentar hinterlassen, werden der Kommentar und seine Metadaten unbegrenzt gespeichert. Wir tun dies, damit wir alle Nachfolgeanmerkungen automatisch erkennen und genehmigen k\u00f6nnen, ohne diese in die Warteschlange zu setzen.<\/p>\r\n\r\n\r\n<p>F\u00fcr registrierte Nutzer dieser Website speichern wir auch die pers\u00f6nlichen Daten, die Sie in Ihrem Profil angeben. Alle Benutzer k\u00f6nnen ihre pers\u00f6nlichen Informationen jederzeit anzeigen, bearbeiten oder l\u00f6schen (au\u00dfer, dass sie ihren Benutzernamen nicht \u00e4ndern k\u00f6nnen), und der Administrator der Website kann diese Informationen anzeigen und bearbeiten.<\/p>\r\n\r\n\r\n<h2 class=\"wp-block-heading\">Welche Rechte haben Sie auf Ihre Informationen?<\/h2>\r\n\r\n\r\n<p><strong class=\"privacy-policy-tutorial\">Empfohlener Text: <\/strong>Wenn Sie ein Konto auf dieser Website haben oder jemals einen Kommentar hinterlassen haben, k\u00f6nnen Sie uns bitten, eine Exportdatei der personenbezogenen Daten zu liefern, die wir \u00fcber Sie haben, einschlie\u00dflich aller Daten, die Sie uns zur Verf\u00fcgung stellen. Sie k\u00f6nnen auch verlangen, dass wir alle personenbezogenen Daten \u00fcber Sie l\u00f6schen. Dies umfasst keine Daten, die wir aufgrund von Verwaltungs-, regulatorischen oder Sicherheitsbedingungen aufbewahren m\u00fcssen.<\/p>\r\n\r\n\r\n<h2 class=\"wp-block-heading\">Wohin werden Ihre Daten gesendet?<\/h2>\r\n\r\n\r\n<p><strong class=\"privacy-policy-tutorial\">Empfohlener Text: <\/strong>Kommentare von Besuchern k\u00f6nnen von einem automatischen Service zur \u00dcberwachung von Spam-Kommentaren \u00fcberpr\u00fcft werden.<\/p>\r\n\r\n<p>&nbsp;<\/p>","protected":false},"excerpt":{"rendered":"<p>Wer wir sind Empfohlener Text: Unsere Website-Adresse ist: https:\/\/www.nanyanggroups.com Empfohlener Text: Wenn ein Besucher einen Kommentar hinterl\u00e4sst, sammeln wir die Daten, die im Kommentarformular angezeigt werden, sowie die IP-Adresse des Besuchers und die User-Agent-Zeichenfolge seines Browsers, um Spam-Kommentare zu \u00fcberpr\u00fcfen. Eine anonymisierte Zeichenfolge, die von Ihrer E-Mail-Adresse generiert wird (auch als Hash bezeichnet), kann dem Gravatar-Dienst zur Best\u00e4tigung der Benutzung des Dienstes zur Verf\u00fcgung gestellt werden. Die Datenschutzrichtlinie des Gravatar-Dienstes lautet: https:\/\/automattic.com\/privacy\/ Nachdem Ihr Kommentar genehmigt wurde, wird Ihr Profilbild neben Ihrem Kommentar \u00f6ffentlich angezeigt. Empfohlener Text: Wenn Sie Bilder auf diese Website hochladen, sollten Sie vermeiden, Bilder mit eingebetteten Geopositionsinformationen (EXIF GPS) hochzuladen. Besucher dieser Website k\u00f6nnen Standortinformationen aus Bildern dieser Website herunterladen und extrahieren. Cookies Empfohlener Text: Wenn Sie einen Kommentar auf unserer Website hinterlassen, k\u00f6nnen Sie w\u00e4hlen, dass Cookies Ihren Namen, Ihre E-Mail-Adresse und Ihre Website speichern. Dies erleichtert Ihnen, indem Sie es erm\u00f6glichen, den Inhalt beim Kommentar nicht erneut auszuf\u00fcllen. Diese Cookies bleiben ein Jahr lang. Wenn Sie unsere Anmeldeseite besuchen, setzen wir ein tempor\u00e4res Cookie, um zu best\u00e4tigen, ob Ihr Browser Cookies akzeptiert. Dieses Cookie enth\u00e4lt keine personenbezogenen Daten und wird beim Schlie\u00dfen Ihres Browsers verloren gegangen. Wenn Sie sich anmelden, setzen wir auch mehrere Cookies, um Ihre Anmeldeinformationen und die Optionen f\u00fcr die Anzeige des Bildschirms zu speichern. Die Anmeldungscookies bleiben zwei Tage lang und die Optionen zur Bildschirmausgabe bleiben ein Jahr lang. Wenn Sie \"Mir erinnern\" ausw\u00e4hlen, bleibt Ihr Anmeldestatus f\u00fcr zwei Wochen erhalten. Wenn Sie sich bei Ihrem Konto abmelden, werden die Cookies, die f\u00fcr die Anmeldung verwendet werden, gel\u00f6scht. Wenn Sie einen Artikel bearbeiten oder ver\u00f6ffentlichen, speichern wir ein zus\u00e4tzliches Cookie in Ihrem Browser. Dieses Cookie enth\u00e4lt keine pers\u00f6nlichen Daten, sondern erfasst nur die ID des Artikels, den Sie gerade bearbeitet haben. Dieses Cookie bleibt einen Tag lang. Empfohlener Text: Artikel auf dieser Website k\u00f6nnen eingebettete Inhalte (z. B. Videos, Bilder, Artikel usw.) enthalten. Das Verhalten von eingebetteten Inhalten von anderen Websites unterscheidet sich nicht von Ihrem direkten Zugriff auf diese anderen Websites. Diese Websites k\u00f6nnen Daten \u00fcber Sie sammeln, Cookies verwenden, zus\u00e4tzliche Tracking-Programme von Drittanbietern einbetten und Ihre Interaktion mit diesen eingebetteten Inhalten \u00fcberwachen, einschlie\u00dflich Ihrer Interaktion mit eingebetteten Inhalten, wenn Sie ein Konto auf diesen Websites haben und sich auf diesen Websites anmelden. Mit wem teilen wir Ihre Informationen [&hellip;]<\/p>","protected":false},"author":1,"featured_media":0,"parent":0,"menu_order":12,"comment_status":"closed","ping_status":"closed","template":"","meta":{"footnotes":""},"class_list":["post-3","page","type-page","status-publish","hentry"],"_links":{"self":[{"href":"https:\/\/www.nanyanggroups.com\/de\/wp-json\/wp\/v2\/pages\/3","targetHints":{"allow":["GET"]}}],"collection":[{"href":"https:\/\/www.nanyanggroups.com\/de\/wp-json\/wp\/v2\/pages"}],"about":[{"href":"https:\/\/www.nanyanggroups.com\/de\/wp-json\/wp\/v2\/types\/page"}],"author":[{"embeddable":true,"href":"https:\/\/www.nanyanggroups.com\/de\/wp-json\/wp\/v2\/users\/1"}],"replies":[{"embeddable":true,"href":"https:\/\/www.nanyanggroups.com\/de\/wp-json\/wp\/v2\/comments?post=3"}],"version-history":[{"count":4,"href":"https:\/\/www.nanyanggroups.com\/de\/wp-json\/wp\/v2\/pages\/3\/revisions"}],"predecessor-version":[{"id":1629,"href":"https:\/\/www.nanyanggroups.com\/de\/wp-json\/wp\/v2\/pages\/3\/revisions\/1629"}],"wp:attachment":[{"href":"https:\/\/www.nanyanggroups.com\/de\/wp-json\/wp\/v2\/media?parent=3"}],"curies":[{"name":"wp","href":"https:\/\/api.w.org\/{rel}","templated":true}]}}