{"id":3,"date":"2025-06-25T15:23:11","date_gmt":"2025-06-25T07:23:11","guid":{"rendered":"https:\/\/www.nanyanggroups.com\/?page_id=3"},"modified":"2025-09-12T09:49:15","modified_gmt":"2025-09-12T01:49:15","slug":"privacy-policy","status":"publish","type":"page","link":"https:\/\/www.nanyanggroups.com\/es\/privacy-policy\/","title":{"rendered":"Pol\u00edtica de privacidad"},"content":{"rendered":"<h2 class=\"wp-block-heading\">Qui\u00e9nes somos<\/h2>\r\n\r\n\r\n<p><strong class=\"privacy-policy-tutorial\">Texto recomendado: <\/strong>\u6211\u4eec\u7684\u7ad9\u70b9\u5730\u5740\u662f\uff1ahttps:\/\/www.nanyanggroups.com\u3002<\/p>\r\n\r\n\r\n<h2 class=\"wp-block-heading\">comentario<\/h2>\r\n\r\n\r\n<p><strong class=\"privacy-policy-tutorial\">Texto recomendado: <\/strong>Cuando el visitante deja un comentario, recopilamos los datos mostrados en el formulario de comentarios, as\u00ed como la direcci\u00f3n IP del visitante y la cadena de usuario - agente del navegador para ayudar a revisar los comentarios basura.<\/p>\r\n\r\n\r\n<p>\u7531\u60a8\u7684\u90ae\u7bb1\u5730\u5740\u6240\u751f\u6210\u7684\u533f\u540d\u5316\u5b57\u7b26\u4e32\uff08\u53c8\u79f0\u4e3a\u54c8\u5e0c\uff09\u53ef\u80fd\u4f1a\u88ab\u63d0\u4f9b\u7ed9 Gravatar \u670d\u52a1\u786e\u8ba4\u60a8\u662f\u5426\u6709\u4f7f\u7528\u8be5\u670d\u52a1\u3002 Gravatar \u670d\u52a1\u7684\u9690\u79c1\u653f\u7b56\u5728\u6b64\uff1ahttps:\/\/automattic.com\/privacy\/\u3002\u5728\u60a8\u7684\u8bc4\u8bba\u83b7\u6279\u51c6\u540e\uff0c\u60a8\u7684\u8d44\u6599\u56fe\u7247\u5c06\u5728\u60a8\u7684\u8bc4\u8bba\u65c1\u516c\u5f00\u5c55\u793a\u3002<\/p>\r\n\r\n\r\n<h2 class=\"wp-block-heading\">Medios de comunicaci\u00f3n<\/h2>\r\n\r\n\r\n<p><strong class=\"privacy-policy-tutorial\">Texto recomendado: <\/strong>Si sube im\u00e1genes a este sitio web, debe evitar subir im\u00e1genes con informaci\u00f3n de ubicaci\u00f3n geogr\u00e1fica incrustada (exif gps). Los visitantes de este sitio web podr\u00e1n descargar y extraer informaci\u00f3n de ubicaci\u00f3n de las im\u00e1genes de este sitio Web.<\/p>\r\n\r\n\r\n<h2 class=\"wp-block-heading\">Las cookies<\/h2>\r\n\r\n\r\n<p><strong class=\"privacy-policy-tutorial\">Texto recomendado: <\/strong>Si deja un comentario en nuestro sitio, puede optar por guardar su nombre, direcci\u00f3n de correo electr\u00f3nico y direcci\u00f3n de sitio web con cookies. Esto le facilita al permitirle no tener que rellenar el contenido relevante al comentar. Estas cookies se mantendr\u00e1n durante un a\u00f1o.<\/p>\r\n\r\n\r\n<p>Si accede a nuestra p\u00e1gina de inicio de sesi\u00f3n, configuraremos una Cookie temporal para confirmar si su navegador acepta cookies. Esta Cookie no contiene datos personales y se descartar\u00e1 cuando cierre su navegador.<\/p>\r\n\r\n\r\n<p>Cuando inicie sesi\u00f3n, tambi\u00e9n configuraremos varias cookies para guardar su informaci\u00f3n de inicio de sesi\u00f3n y las opciones de visualizaci\u00f3n de la pantalla. Las cookies de inicio de sesi\u00f3n se mantienen durante dos d\u00edas, mientras que las cookies de opci\u00f3n de visualizaci\u00f3n en pantalla se mantienen durante un a\u00f1o. Si elige \"recu\u00e9rdame\", su estado de inicio de sesi\u00f3n se mantendr\u00e1 durante dos semanas. Si se cancela y se inicia sesi\u00f3n en su cuenta, se eliminar\u00e1n las cookies utilizadas para iniciar sesi\u00f3n.<\/p>\r\n\r\n\r\n<p>Si edita o publica un art\u00edculo, guardaremos una Cookie adicional en su navegador. Esta Cookie no contiene datos personales y solo registra el id del art\u00edculo que acaba de editar. esta cookie se quedar\u00e1 un d\u00eda.<\/p>\r\n\r\n\r\n<h2 class=\"wp-block-heading\">Contenido incrustado de otros sitios web<\/h2>\r\n\r\n\r\n<p><strong class=\"privacy-policy-tutorial\">Texto recomendado: <\/strong>Los art\u00edculos en este sitio pueden contener contenido incrustado (como videos, im\u00e1genes, art\u00edculos, etc.). El comportamiento del contenido incrustado de otros sitios no es diferente del acceso directo a estos otros sitios.<\/p>\r\n\r\n\r\n<p>Estos sitios pueden recopilar datos sobre usted, usar cookies, incrustar programas adicionales de rastreo de terceros y monitorear su interacci\u00f3n con estos contenidos incrustados, incluido el seguimiento de su interacci\u00f3n con los contenidos incrustados cuando tenga cuentas de estos sitios e inicie sesi\u00f3n en ellos.<\/p>\r\n\r\n\r\n<h2 class=\"wp-block-heading\">Con qui\u00e9n compartimos su informaci\u00f3n<\/h2>\r\n\r\n\r\n<p><strong class=\"privacy-policy-tutorial\">Texto recomendado: <\/strong>Si solicita el restablecimiento de la contrase\u00f1a, su direcci\u00f3n IP se incluir\u00e1 en el correo de restablecimiento de la contrase\u00f1a.<\/p>\r\n\r\n\r\n<h2 class=\"wp-block-heading\">Cu\u00e1nto tiempo conservamos su informaci\u00f3n<\/h2>\r\n\r\n\r\n<p><strong class=\"privacy-policy-tutorial\">Texto recomendado: <\/strong>Si deja un comentario, el comentario y sus metadatos se guardar\u00e1n indefinidamente. Lo hacemos para poder identificar y aprobar autom\u00e1ticamente cualquier comentario posterior sin tener que agregarlo a la cola pendiente de juicio.<\/p>\r\n\r\n\r\n<p>Para los usuarios registrados en este sitio web, tambi\u00e9n guardaremos la informaci\u00f3n personal proporcionada por el usuario en el perfil. Todos los usuarios pueden ver, editar o eliminar su informaci\u00f3n personal en cualquier momento (adem\u00e1s de no cambiar el nombre de usuario), y los administradores del sitio tambi\u00e9n pueden ver y editar esa informaci\u00f3n.<\/p>\r\n\r\n\r\n<h2 class=\"wp-block-heading\">\u00bf\u00bf qu\u00e9 derecho tiene a su informaci\u00f3n?<\/h2>\r\n\r\n\r\n<p><strong class=\"privacy-policy-tutorial\">Texto recomendado: <\/strong>Si tiene una cuenta en este sitio o ha dejado un comentario, puede solicitarnos el archivo de exportaci\u00f3n de sus datos personales que tenemos, que tambi\u00e9n incluye todos los datos que nos proporcion\u00f3. Tambi\u00e9n puede pedirnos que borremos todos los datos personales sobre usted. Esto no incluye los datos que debemos mantener debido a necesidades regulatorias, regulatorias o de Seguridad.<\/p>\r\n\r\n\r\n<h2 class=\"wp-block-heading\">A d\u00f3nde enviar\u00e1n sus datos<\/h2>\r\n\r\n\r\n<p><strong class=\"privacy-policy-tutorial\">Texto recomendado: <\/strong>Los comentarios de los visitantes pueden ser revisados por el servicio autom\u00e1tico de monitoreo de comentarios basura.<\/p>\r\n\r\n<p>&nbsp;<\/p>","protected":false},"excerpt":{"rendered":"<p>El texto que recomendamos: nuestra direcci\u00f3n de sitio es: https:\/\/www.nanyanggroups.com . texto recomendado para comentarios: cuando el visitante deja un comentario, recopilamos los datos mostrados en el formulario de comentarios, as\u00ed como la direcci\u00f3n IP del visitante y la cadena de usuario - agente del navegador para ayudar a revisar los comentarios basura. La cadena anonimizada (tambi\u00e9n conocida como hash) generada por su direcci\u00f3n de buz\u00f3n puede ser proporcionada al servicio gravatar para confirmar si ha utilizado el servicio. La pol\u00edtica de privacidad del servicio gravatar est\u00e1 aqu\u00ed: https:\/\/automattic.com\/privacy\/ . despu\u00e9s de que su comentario sea aprobado, sus im\u00e1genes de perfil se mostrar\u00e1n p\u00fablicamente junto a su comentario. Texto recomendado por los medios: si sube im\u00e1genes a este sitio web, debe evitar subir im\u00e1genes con informaci\u00f3n de ubicaci\u00f3n geogr\u00e1fica incrustada (gps exif). Los visitantes de este sitio web podr\u00e1n descargar y extraer informaci\u00f3n de ubicaci\u00f3n de las im\u00e1genes de este sitio Web. Texto recomendado por cookies: si deja un comentario en nuestro sitio, puede optar por guardar su nombre, direcci\u00f3n de correo electr\u00f3nico y direcci\u00f3n de sitio web con cookies. Esto le facilita al permitirle no tener que rellenar el contenido relevante al comentar. Estas cookies se mantendr\u00e1n durante un a\u00f1o. Si accede a nuestra p\u00e1gina de inicio de sesi\u00f3n, configuraremos una Cookie temporal para confirmar si su navegador acepta cookies. Esta Cookie no contiene datos personales y se descartar\u00e1 cuando cierre su navegador. Cuando inicie sesi\u00f3n, tambi\u00e9n configuraremos varias cookies para guardar su informaci\u00f3n de inicio de sesi\u00f3n y las opciones de visualizaci\u00f3n de la pantalla. Las cookies de inicio de sesi\u00f3n se mantienen durante dos d\u00edas, mientras que las cookies de opci\u00f3n de visualizaci\u00f3n en pantalla se mantienen durante un a\u00f1o. Si elige \"recu\u00e9rdame\", su estado de inicio de sesi\u00f3n se mantendr\u00e1 durante dos semanas. Si se cancela y se inicia sesi\u00f3n en su cuenta, se eliminar\u00e1n las cookies utilizadas para iniciar sesi\u00f3n. Si edita o publica un art\u00edculo, guardaremos una Cookie adicional en su navegador. Esta Cookie no contiene datos personales y solo registra el id del art\u00edculo que acaba de editar. esta cookie se quedar\u00e1 un d\u00eda. Texto recomendado por contenido incrustado de otros sitios web: los art\u00edculos en este sitio pueden contener contenido incrustado (como videos, im\u00e1genes, art\u00edculos, etc.). El comportamiento del contenido incrustado de otros sitios no es diferente del acceso directo a estos otros sitios. Estos sitios pueden recopilar datos sobre usted, usar cookies, incrustar programas adicionales de rastreo de terceros y monitorear su interacci\u00f3n con estos contenidos incrustados, incluido el seguimiento de su interacci\u00f3n con los contenidos incrustados cuando tenga cuentas de estos sitios e inicie sesi\u00f3n en ellos. Con qui\u00e9n compartimos su informaci\u00f3n [ &amp; hellip;]<\/p>","protected":false},"author":1,"featured_media":0,"parent":0,"menu_order":12,"comment_status":"closed","ping_status":"closed","template":"","meta":{"footnotes":""},"class_list":["post-3","page","type-page","status-publish","hentry"],"_links":{"self":[{"href":"https:\/\/www.nanyanggroups.com\/es\/wp-json\/wp\/v2\/pages\/3","targetHints":{"allow":["GET"]}}],"collection":[{"href":"https:\/\/www.nanyanggroups.com\/es\/wp-json\/wp\/v2\/pages"}],"about":[{"href":"https:\/\/www.nanyanggroups.com\/es\/wp-json\/wp\/v2\/types\/page"}],"author":[{"embeddable":true,"href":"https:\/\/www.nanyanggroups.com\/es\/wp-json\/wp\/v2\/users\/1"}],"replies":[{"embeddable":true,"href":"https:\/\/www.nanyanggroups.com\/es\/wp-json\/wp\/v2\/comments?post=3"}],"version-history":[{"count":4,"href":"https:\/\/www.nanyanggroups.com\/es\/wp-json\/wp\/v2\/pages\/3\/revisions"}],"predecessor-version":[{"id":1629,"href":"https:\/\/www.nanyanggroups.com\/es\/wp-json\/wp\/v2\/pages\/3\/revisions\/1629"}],"wp:attachment":[{"href":"https:\/\/www.nanyanggroups.com\/es\/wp-json\/wp\/v2\/media?parent=3"}],"curies":[{"name":"wp","href":"https:\/\/api.w.org\/{rel}","templated":true}]}}