{"id":3,"date":"2025-06-25T15:23:11","date_gmt":"2025-06-25T07:23:11","guid":{"rendered":"https:\/\/www.nanyanggroups.com\/?page_id=3"},"modified":"2025-09-12T09:49:15","modified_gmt":"2025-09-12T01:49:15","slug":"privacy-policy","status":"publish","type":"page","link":"https:\/\/www.nanyanggroups.com\/fr\/privacy-policy\/","title":{"rendered":"Politique de confidentialit\u00e9"},"content":{"rendered":"<h2 class=\"wp-block-heading\">Qui sommes - nous?<\/h2>\r\n\r\n\r\n<p><strong class=\"privacy-policy-tutorial\">Textes recommand\u00e9s: <\/strong>\u6211\u4eec\u7684\u7ad9\u70b9\u5730\u5740\u662f\uff1ahttps:\/\/www.nanyanggroups.com\u3002<\/p>\r\n\r\n\r\n<h2 class=\"wp-block-heading\">Commentaires<\/h2>\r\n\r\n\r\n<p><strong class=\"privacy-policy-tutorial\">Textes recommand\u00e9s: <\/strong>Lorsqu'un visiteur laisse un commentaire, nous collectons les donn\u00e9es affich\u00e9es dans le formulaire de commentaire, ainsi que l'adresse IP du visiteur et la cha\u00eene user - agent du Navigateur pour aider \u00e0 v\u00e9rifier les commentaires ind\u00e9sirables.<\/p>\r\n\r\n\r\n<p>\u7531\u60a8\u7684\u90ae\u7bb1\u5730\u5740\u6240\u751f\u6210\u7684\u533f\u540d\u5316\u5b57\u7b26\u4e32\uff08\u53c8\u79f0\u4e3a\u54c8\u5e0c\uff09\u53ef\u80fd\u4f1a\u88ab\u63d0\u4f9b\u7ed9 Gravatar \u670d\u52a1\u786e\u8ba4\u60a8\u662f\u5426\u6709\u4f7f\u7528\u8be5\u670d\u52a1\u3002 Gravatar \u670d\u52a1\u7684\u9690\u79c1\u653f\u7b56\u5728\u6b64\uff1ahttps:\/\/automattic.com\/privacy\/\u3002\u5728\u60a8\u7684\u8bc4\u8bba\u83b7\u6279\u51c6\u540e\uff0c\u60a8\u7684\u8d44\u6599\u56fe\u7247\u5c06\u5728\u60a8\u7684\u8bc4\u8bba\u65c1\u516c\u5f00\u5c55\u793a\u3002<\/p>\r\n\r\n\r\n<h2 class=\"wp-block-heading\">M\u00e9dias<\/h2>\r\n\r\n\r\n<p><strong class=\"privacy-policy-tutorial\">Textes recommand\u00e9s: <\/strong>Si vous t\u00e9l\u00e9chargez des images sur ce site, vous devez \u00e9viter de t\u00e9l\u00e9charger des images avec des informations de g\u00e9olocalisation int\u00e9gr\u00e9es (EXIF GPS). Les visiteurs de ce site pourront t\u00e9l\u00e9charger et extraire les informations de localisation dans les images de ce site.<\/p>\r\n\r\n\r\n<h2 class=\"wp-block-heading\">Les cookies<\/h2>\r\n\r\n\r\n<p><strong class=\"privacy-policy-tutorial\">Textes recommand\u00e9s: <\/strong>Si vous laissez un commentaire sur notre site, vous pouvez choisir d'enregistrer votre nom, votre adresse e - mail et votre adresse de site Web avec des cookies. Cela vous facilite la t\u00e2che en vous permettant de ne pas remplir \u00e0 nouveau le contenu pertinent lorsque vous Commentez. Ces cookies sont conserv\u00e9s pendant un an.<\/p>\r\n\r\n\r\n<p>Si vous visitez notre page de destination, nous d\u00e9finissons un cookie temporaire pour confirmer que votre navigateur accepte ou non les cookies. Ce cookie ne contient pas de donn\u00e9es personnelles et est supprim\u00e9 lorsque vous fermez votre navigateur.<\/p>\r\n\r\n\r\n<p>Lorsque vous vous connectez, nous configurons \u00e9galement plusieurs cookies pour enregistrer vos informations de connexion et vos options d'affichage \u00e0 l'\u00e9cran. Les cookies de connexion sont conserv\u00e9s pendant deux jours, tandis que les cookies d'options d'affichage \u00e0 l'\u00e9cran sont conserv\u00e9s pendant un an. Si vous s\u00e9lectionnez se souvenir de moi, votre statut de connexion est conserv\u00e9 pendant deux semaines. Si vous vous d\u00e9connectez de votre compte, les cookies utilis\u00e9s pour vous connecter seront supprim\u00e9s.<\/p>\r\n\r\n\r\n<p>Si vous modifiez ou Publiez un article, nous enregistrons un cookie suppl\u00e9mentaire dans votre navigateur. Ce cookie ne contient pas de donn\u00e9es personnelles, mais enregistre uniquement l\u2019identifiant de l\u2019article que vous venez de modifier. Ce cookie est conserv\u00e9 pendant une journ\u00e9e.<\/p>\r\n\r\n\r\n<h2 class=\"wp-block-heading\">Contenu int\u00e9gr\u00e9 provenant d'autres sites Web<\/h2>\r\n\r\n\r\n<p><strong class=\"privacy-policy-tutorial\">Textes recommand\u00e9s: <\/strong>Les articles sur ce site peuvent contenir du contenu int\u00e9gr\u00e9 (comme des vid\u00e9os, des images, des articles, etc.). Il n'y a aucune diff\u00e9rence entre le comportement du contenu int\u00e9gr\u00e9 provenant d'autres sites et votre acc\u00e8s direct \u00e0 ces autres sites.<\/p>\r\n\r\n\r\n<p>Ces sites peuvent collecter des donn\u00e9es vous concernant, utiliser des cookies, int\u00e9grer des traceurs tiers suppl\u00e9mentaires et surveiller votre interaction avec ces contenus int\u00e9gr\u00e9s, y compris le suivi de votre interaction avec ces contenus int\u00e9gr\u00e9s lorsque vous avez un compte sur ces sites et que vous y \u00eates connect\u00e9.<\/p>\r\n\r\n\r\n<h2 class=\"wp-block-heading\">Avec qui nous partageons vos informations<\/h2>\r\n\r\n\r\n<p><strong class=\"privacy-policy-tutorial\">Textes recommand\u00e9s: <\/strong>Si vous demandez la R\u00e9initialisation de votre mot de passe, votre adresse IP sera incluse dans le message de R\u00e9initialisation du mot de passe.<\/p>\r\n\r\n\r\n<h2 class=\"wp-block-heading\">Combien de temps nous conservons vos informations<\/h2>\r\n\r\n\r\n<p><strong class=\"privacy-policy-tutorial\">Textes recommand\u00e9s: <\/strong>Si vous laissez un commentaire, le commentaire et ses m\u00e9tadonn\u00e9es seront conserv\u00e9s ind\u00e9finiment. Nous le faisons de mani\u00e8re \u00e0 pouvoir identifier et approuver automatiquement les commentaires ult\u00e9rieurs sans les ajouter \u00e0 la file d'attente.<\/p>\r\n\r\n\r\n<p>Pour les utilisateurs enregistr\u00e9s de ce site, nous conservons \u00e9galement les informations personnelles fournies par les utilisateurs dans leur profil. Tous les utilisateurs peuvent consulter, modifier ou supprimer leurs informations personnelles \u00e0 tout moment (\u00e0 l\u2019exception de leur nom d\u2019utilisateur), et les administrateurs du site peuvent \u00e9galement consulter et modifier ces informations.<\/p>\r\n\r\n\r\n<h2 class=\"wp-block-heading\">Quels sont vos droits concernant vos informations<\/h2>\r\n\r\n\r\n<p><strong class=\"privacy-policy-tutorial\">Textes recommand\u00e9s: <\/strong>Si vous avez un compte sur ce site ou si vous avez d\u00e9j\u00e0 laiss\u00e9 un commentaire, vous pouvez nous demander un fichier d'exportation des donn\u00e9es personnelles que nous d\u00e9tenons \u00e0 votre sujet, qui comprend \u00e9galement toutes les donn\u00e9es que vous nous avez fournies. Vous pouvez \u00e9galement nous demander d'effacer toutes les donn\u00e9es personnelles vous concernant. Cela ne comprend pas les donn\u00e9es que nous devons conserver pour des raisons administratives, r\u00e9glementaires ou de s\u00e9curit\u00e9.<\/p>\r\n\r\n\r\n<h2 class=\"wp-block-heading\">O\u00f9 vos donn\u00e9es seront envoy\u00e9es<\/h2>\r\n\r\n\r\n<p><strong class=\"privacy-policy-tutorial\">Textes recommand\u00e9s: <\/strong>Les commentaires des visiteurs peuvent \u00eatre v\u00e9rifi\u00e9s par le Service de surveillance automatique des commentaires ind\u00e9sirables.<\/p>\r\n\r\n<p>&nbsp;<\/p>","protected":false},"excerpt":{"rendered":"<p>Qui sommes - nous texte recommand\u00e9: l'adresse de notre site est: https:\/\/www.nanyanggroups.com Texte recommand\u00e9 pour les commentaires: lorsqu'un visiteur laisse un commentaire, nous collectons les donn\u00e9es affich\u00e9es dans le formulaire de commentaire, ainsi que l'adresse IP du visiteur et la cha\u00eene user - agent du Navigateur pour aider \u00e0 v\u00e9rifier les commentaires ind\u00e9sirables. Une cha\u00eene anonymis\u00e9e g\u00e9n\u00e9r\u00e9e par votre adresse e - mail (\u00e9galement appel\u00e9e hachage) peut \u00eatre fournie au service gravatar pour confirmer que vous utilisez le service. La politique de confidentialit\u00e9 du Service gravatar est ici: https:\/\/automattic.com\/privacy\/ . Une fois votre commentaire approuv\u00e9, votre photo de profil sera affich\u00e9e publiquement \u00e0 c\u00f4t\u00e9 de votre commentaire. Texte recommand\u00e9 par les m\u00e9dias: Si vous t\u00e9l\u00e9chargez des images sur ce site, vous devez \u00e9viter de t\u00e9l\u00e9charger des images avec des informations de g\u00e9olocalisation int\u00e9gr\u00e9es (EXIF GPS). Les visiteurs de ce site pourront t\u00e9l\u00e9charger et extraire les informations de localisation dans les images de ce site. Texte recommand\u00e9 par les cookies: Si vous laissez un commentaire sur notre site, vous pouvez choisir d'enregistrer votre nom, votre adresse e - mail et votre adresse de site Web avec des cookies. Cela vous facilite la t\u00e2che en vous permettant de ne pas remplir \u00e0 nouveau le contenu pertinent lorsque vous Commentez. Ces cookies sont conserv\u00e9s pendant un an. Si vous visitez notre page de destination, nous d\u00e9finissons un cookie temporaire pour confirmer que votre navigateur accepte ou non les cookies. Ce cookie ne contient pas de donn\u00e9es personnelles et est supprim\u00e9 lorsque vous fermez votre navigateur. Lorsque vous vous connectez, nous configurons \u00e9galement plusieurs cookies pour enregistrer vos informations de connexion et vos options d'affichage \u00e0 l'\u00e9cran. Les cookies de connexion sont conserv\u00e9s pendant deux jours, tandis que les cookies d'options d'affichage \u00e0 l'\u00e9cran sont conserv\u00e9s pendant un an. Si vous s\u00e9lectionnez se souvenir de moi, votre statut de connexion est conserv\u00e9 pendant deux semaines. Si vous vous d\u00e9connectez de votre compte, les cookies utilis\u00e9s pour vous connecter seront supprim\u00e9s. Si vous modifiez ou Publiez un article, nous enregistrons un cookie suppl\u00e9mentaire dans votre navigateur. Ce cookie ne contient pas de donn\u00e9es personnelles, mais enregistre uniquement l\u2019identifiant de l\u2019article que vous venez de modifier. Ce cookie est conserv\u00e9 pendant une journ\u00e9e. Contenu int\u00e9gr\u00e9 d'autres sites texte recommand\u00e9: les articles de ce site peuvent contenir du contenu int\u00e9gr\u00e9 (comme des vid\u00e9os, des images, des articles, etc.). Il n'y a aucune diff\u00e9rence entre le comportement du contenu int\u00e9gr\u00e9 provenant d'autres sites et votre acc\u00e8s direct \u00e0 ces autres sites. Ces sites peuvent collecter des donn\u00e9es vous concernant, utiliser des cookies, int\u00e9grer des traceurs tiers suppl\u00e9mentaires et surveiller votre interaction avec ces contenus int\u00e9gr\u00e9s, y compris le suivi de votre interaction avec ces contenus int\u00e9gr\u00e9s lorsque vous avez un compte sur ces sites et que vous y \u00eates connect\u00e9. Avec qui nous partageons vos informations [&amp; hellip;]<\/p>","protected":false},"author":1,"featured_media":0,"parent":0,"menu_order":12,"comment_status":"closed","ping_status":"closed","template":"","meta":{"footnotes":""},"class_list":["post-3","page","type-page","status-publish","hentry"],"_links":{"self":[{"href":"https:\/\/www.nanyanggroups.com\/fr\/wp-json\/wp\/v2\/pages\/3","targetHints":{"allow":["GET"]}}],"collection":[{"href":"https:\/\/www.nanyanggroups.com\/fr\/wp-json\/wp\/v2\/pages"}],"about":[{"href":"https:\/\/www.nanyanggroups.com\/fr\/wp-json\/wp\/v2\/types\/page"}],"author":[{"embeddable":true,"href":"https:\/\/www.nanyanggroups.com\/fr\/wp-json\/wp\/v2\/users\/1"}],"replies":[{"embeddable":true,"href":"https:\/\/www.nanyanggroups.com\/fr\/wp-json\/wp\/v2\/comments?post=3"}],"version-history":[{"count":4,"href":"https:\/\/www.nanyanggroups.com\/fr\/wp-json\/wp\/v2\/pages\/3\/revisions"}],"predecessor-version":[{"id":1629,"href":"https:\/\/www.nanyanggroups.com\/fr\/wp-json\/wp\/v2\/pages\/3\/revisions\/1629"}],"wp:attachment":[{"href":"https:\/\/www.nanyanggroups.com\/fr\/wp-json\/wp\/v2\/media?parent=3"}],"curies":[{"name":"wp","href":"https:\/\/api.w.org\/{rel}","templated":true}]}}