{"id":3,"date":"2025-06-25T15:23:11","date_gmt":"2025-06-25T07:23:11","guid":{"rendered":"https:\/\/www.nanyanggroups.com\/?page_id=3"},"modified":"2025-09-12T09:49:15","modified_gmt":"2025-09-12T01:49:15","slug":"privacy-policy","status":"publish","type":"page","link":"https:\/\/www.nanyanggroups.com\/pt\/privacy-policy\/","title":{"rendered":"Pol\u00edtica de Privacidade"},"content":{"rendered":"<h2 class=\"wp-block-heading\">Quem somos<\/h2>\r\n\r\n\r\n<p><strong class=\"privacy-policy-tutorial\">Texto recomendado: <\/strong>\u6211\u4eec\u7684\u7ad9\u70b9\u5730\u5740\u662f\uff1ahttps:\/\/www.nanyanggroups.com\u3002<\/p>\r\n\r\n\r\n<h2 class=\"wp-block-heading\">coment\u00e1rio<\/h2>\r\n\r\n\r\n<p><strong class=\"privacy-policy-tutorial\">Texto recomendado: <\/strong>Quando um visitante deixa um coment\u00e1rio, coletamos os dados mostrados no formul\u00e1rio de coment\u00e1rio, juntamente com o endere\u00e7o IP do visitante e a cadeia de Agente de Utilizador do navegador, para ajudar a verificar os coment\u00e1rios de spam.<\/p>\r\n\r\n\r\n<p>\u7531\u60a8\u7684\u90ae\u7bb1\u5730\u5740\u6240\u751f\u6210\u7684\u533f\u540d\u5316\u5b57\u7b26\u4e32\uff08\u53c8\u79f0\u4e3a\u54c8\u5e0c\uff09\u53ef\u80fd\u4f1a\u88ab\u63d0\u4f9b\u7ed9 Gravatar \u670d\u52a1\u786e\u8ba4\u60a8\u662f\u5426\u6709\u4f7f\u7528\u8be5\u670d\u52a1\u3002 Gravatar \u670d\u52a1\u7684\u9690\u79c1\u653f\u7b56\u5728\u6b64\uff1ahttps:\/\/automattic.com\/privacy\/\u3002\u5728\u60a8\u7684\u8bc4\u8bba\u83b7\u6279\u51c6\u540e\uff0c\u60a8\u7684\u8d44\u6599\u56fe\u7247\u5c06\u5728\u60a8\u7684\u8bc4\u8bba\u65c1\u516c\u5f00\u5c55\u793a\u3002<\/p>\r\n\r\n\r\n<h2 class=\"wp-block-heading\">m\u00eddia<\/h2>\r\n\r\n\r\n<p><strong class=\"privacy-policy-tutorial\">Texto recomendado: <\/strong>Se voc\u00ea enviar imagens para este site, voc\u00ea deveria evitar enviar imagens com informa\u00e7\u00f5es de localiza\u00e7\u00e3o geogr\u00e1fica incorporadas (EXIF GPS). Os visitantes deste site ser\u00e3o capazes de descargar e extrair informa\u00e7\u00f5es de localiza\u00e7\u00e3o de imagens neste site.<\/p>\r\n\r\n\r\n<h2 class=\"wp-block-heading\">Cookies<\/h2>\r\n\r\n\r\n<p><strong class=\"privacy-policy-tutorial\">Texto recomendado: <\/strong>Se voc\u00ea deixar um coment\u00e1rio em nosso site, voc\u00ea pode escolher usar cookies para guardar seu nome, endere\u00e7o de correio electr\u00f3nico e endere\u00e7o de site. Isso proporciona conveni\u00eancia ao permitir que voc\u00ea evita ter que preencher conte\u00fado relevante novamente quando comentar. Esses biscoitos ser\u00e3o conservados por um ano.<\/p>\r\n\r\n\r\n<p>Se voc\u00ea visitar nossa p\u00e1gina de login, vamos configurar um cookie tempor\u00e1rio para confirmar se seu navegador aceita cookies. Este cookie n\u00e3o cont\u00e9m dados pessoais e ser\u00e1 descartado quando fechar seu navegador.<\/p>\r\n\r\n\r\n<p>Quando voc\u00ea entra, n\u00f3s tamb\u00e9m configuramos m\u00faltiplos cookies para guardar sua informa\u00e7\u00e3o de entrada e op\u00e7\u00f5es de display de tela. Os cookies de entrada ser\u00e3o conservados por dois dias, enquanto os cookies da op\u00e7\u00e3o de visualiza\u00e7\u00e3o da tela ser\u00e3o conservados por um ano. Se voc\u00ea escolher \"Lembre-se de mim\", seu estado de login ser\u00e1 mantido por duas semanas. Se voc\u00ea sair da sua conta, os cookies usados para o login ser\u00e3o removidos.<\/p>\r\n\r\n\r\n<p>Se voc\u00ea editar ou publicar um artigo, n\u00f3s guardaremos um cookie adicional em seu navegador. Este cookie n\u00e3o cont\u00e9m dados pessoais e apenas registra o ID do artigo que acabou de editar. Este cookie ser\u00e1 conservado por um dia.<\/p>\r\n\r\n\r\n<h2 class=\"wp-block-heading\">Conte\u00fado incorporado de outros sites<\/h2>\r\n\r\n\r\n<p><strong class=\"privacy-policy-tutorial\">Texto recomendado: <\/strong>Os artigos neste site podem conter conte\u00fado incorporado (como v\u00eddeos, imagens, artigos, etc.). O comportamento de incorporar conte\u00fado de outros s\u00edtios n\u00e3o \u00e9 diferente do acesso direto a esses outros s\u00edtios.<\/p>\r\n\r\n\r\n<p>Esses sites podem coletar dados sobre voc\u00ea, usar cookies, incorporar programas adicionais de rastreamento de terceiros, e monitorar sua intera\u00e7\u00e3o com esse conte\u00fado incorporado, incluindo rastrear sua intera\u00e7\u00e3o com conte\u00fado incorporado quando voc\u00ea tem uma conta nesses sites e se inscrever neles.<\/p>\r\n\r\n\r\n<h2 class=\"wp-block-heading\">Com quem compartilhamos sua informa\u00e7\u00e3o<\/h2>\r\n\r\n\r\n<p><strong class=\"privacy-policy-tutorial\">Texto recomendado: <\/strong>Se voc\u00ea pedir uma reinicia\u00e7\u00e3o de senha, seu endere\u00e7o IP ser\u00e1 inclu\u00eddo no email de reinicia\u00e7\u00e3o de senha.<\/p>\r\n\r\n\r\n<h2 class=\"wp-block-heading\">Quanto tempo mantemos sua informa\u00e7\u00e3o<\/h2>\r\n\r\n\r\n<p><strong class=\"privacy-policy-tutorial\">Texto recomendado: <\/strong>Se voc\u00ea deixar um coment\u00e1rio, o coment\u00e1rio e seus metadados ser\u00e3o guardados indefinidamente. N\u00f3s fazemos isso para que possamos identificar e aprovar automaticamente quaisquer coment\u00e1rios subsequentes sem os adicionar \u00e0 fila pendente.<\/p>\r\n\r\n\r\n<p>Para usu\u00e1rios registados deste site, n\u00f3s tamb\u00e9m armazenaremos a informa\u00e7\u00e3o pessoal fornecida pelo usu\u00e1rio em seu perfil. Todos os usu\u00e1rios podem ver, editar ou eliminar sua informa\u00e7\u00e3o pessoal em qualquer momento (exceto por n\u00e3o ser capazes de mudar seu nome de usu\u00e1rio), e os administradores do site tamb\u00e9m podem ver e editar essa informa\u00e7\u00e3o.<\/p>\r\n\r\n\r\n<h2 class=\"wp-block-heading\">Que direitos voc\u00ea tem sobre sua informa\u00e7\u00e3o<\/h2>\r\n\r\n\r\n<p><strong class=\"privacy-policy-tutorial\">Texto recomendado: <\/strong>Se voc\u00ea tem uma conta neste site ou deixar um coment\u00e1rio antes, voc\u00ea pode nos pedir para fornecer um arquivo de export a \u00e7\u00e3o de seus dados pessoais que possu\u00edmos, que tamb\u00e9m inclui todos os dados que voc\u00ea nos fornece. Voc\u00ea tamb\u00e9m pode nos pedir para apagar todos os dados pessoais sobre voc\u00ea. Isso n\u00e3o inclui dados que devemos reter devido \u00e0 gest\u00e3o, regulamenta\u00e7\u00e3o ou necessidades de seguran\u00e7a.<\/p>\r\n\r\n\r\n<h2 class=\"wp-block-heading\">Onde ser\u00e3o enviados seus dados<\/h2>\r\n\r\n\r\n<p><strong class=\"privacy-policy-tutorial\">Texto recomendado: <\/strong>Os coment\u00e1rios dos visitantes podem ser verificados por meio de servi\u00e7os autom\u00e1ticos de monitoramento de coment\u00e1rios de spam.<\/p>\r\n\r\n<p>&nbsp;<\/p>","protected":false},"excerpt":{"rendered":"<p>Quem somos n\u00f3s? Texto recomendado: Nosso endere\u00e7o \u00e9: https:\/\/www.nanyanggroups.com Quando um visitante deixa um coment\u00e1rio, coletamos os dados mostrados no formul\u00e1rio de coment\u00e1rio, bem como o endere\u00e7o IP do visitante e a cadeia de Agente de Utilizador do navegador, para ajudar a verificar os coment\u00e1rios de spam. A cadeia an\u00f3nima (tamb\u00e9m conhecida como hash) gerada de seu endere\u00e7o de correio electr\u00f3nico pode ser fornecida ao servi\u00e7o Gravatar para confirmar se voc\u00ea est\u00e1 usando o servi\u00e7o. A pol\u00edtica de privacidade dos servi\u00e7os Gravatar \u00e9 a seguinte: https:\/\/automattic.com\/privacy\/ Depois de seu coment\u00e1rio ser aprovado, sua imagem de perfil ser\u00e1 mostrada p\u00fablicamente ao lado de seu coment\u00e1rio. Texto recomendado pelos meios de comunica\u00e7\u00e3o: Se voc\u00ea enviar imagens para este site, voc\u00ea deveria evitar enviar imagens com informa\u00e7\u00e3o de localiza\u00e7\u00e3o geogr\u00e1fica incorporada (EXIF GPS). Os visitantes deste site ser\u00e3o capazes de descargar e extrair informa\u00e7\u00f5es de localiza\u00e7\u00e3o de imagens neste site. Texto recomendado para cookies: Se voc\u00ea deixar um coment\u00e1rio em nosso site, voc\u00ea pode escolher usar cookies para guardar seu nome, endere\u00e7o de correio electr\u00f3nico e endere\u00e7o do site. Isso proporciona conveni\u00eancia ao permitir que voc\u00ea evita ter que preencher conte\u00fado relevante novamente quando comentar. Esses biscoitos ser\u00e3o conservados por um ano. Se voc\u00ea visitar nossa p\u00e1gina de login, vamos configurar um cookie tempor\u00e1rio para confirmar se seu navegador aceita cookies. Este cookie n\u00e3o cont\u00e9m dados pessoais e ser\u00e1 descartado quando fechar seu navegador. Quando voc\u00ea entra, n\u00f3s tamb\u00e9m configuramos m\u00faltiplos cookies para guardar sua informa\u00e7\u00e3o de entrada e op\u00e7\u00f5es de display de tela. Os cookies de entrada ser\u00e3o conservados por dois dias, enquanto os cookies da op\u00e7\u00e3o de visualiza\u00e7\u00e3o da tela ser\u00e3o conservados por um ano. Se voc\u00ea escolher \"Lembre-se de mim\", seu estado de login ser\u00e1 mantido por duas semanas. Se voc\u00ea sair da sua conta, os cookies usados para o login ser\u00e3o removidos. Se voc\u00ea editar ou publicar um artigo, n\u00f3s guardaremos um cookie adicional em seu navegador. Este cookie n\u00e3o cont\u00e9m dados pessoais e apenas registra o ID do artigo que acabou de editar. Este cookie ser\u00e1 conservado por um dia. Texto recomendado para conte\u00fado incorporado de outros sites web: artigos neste site podem conter conte\u00fado incorporado (como v\u00eddeos, imagens, artigos, etc.). O comportamento de incorporar conte\u00fado de outros s\u00edtios n\u00e3o \u00e9 diferente do acesso direto a esses outros s\u00edtios. Esses sites podem coletar dados sobre voc\u00ea, usar cookies, incorporar programas adicionais de rastreamento de terceiros, e monitorar sua intera\u00e7\u00e3o com esse conte\u00fado incorporado, incluindo rastrear sua intera\u00e7\u00e3o com conte\u00fado incorporado quando voc\u00ea tem uma conta nesses sites e se inscrever neles. Com quem compartilhamos sua informa\u00e7\u00e3o<\/p>","protected":false},"author":1,"featured_media":0,"parent":0,"menu_order":12,"comment_status":"closed","ping_status":"closed","template":"","meta":{"footnotes":""},"class_list":["post-3","page","type-page","status-publish","hentry"],"_links":{"self":[{"href":"https:\/\/www.nanyanggroups.com\/pt\/wp-json\/wp\/v2\/pages\/3","targetHints":{"allow":["GET"]}}],"collection":[{"href":"https:\/\/www.nanyanggroups.com\/pt\/wp-json\/wp\/v2\/pages"}],"about":[{"href":"https:\/\/www.nanyanggroups.com\/pt\/wp-json\/wp\/v2\/types\/page"}],"author":[{"embeddable":true,"href":"https:\/\/www.nanyanggroups.com\/pt\/wp-json\/wp\/v2\/users\/1"}],"replies":[{"embeddable":true,"href":"https:\/\/www.nanyanggroups.com\/pt\/wp-json\/wp\/v2\/comments?post=3"}],"version-history":[{"count":4,"href":"https:\/\/www.nanyanggroups.com\/pt\/wp-json\/wp\/v2\/pages\/3\/revisions"}],"predecessor-version":[{"id":1629,"href":"https:\/\/www.nanyanggroups.com\/pt\/wp-json\/wp\/v2\/pages\/3\/revisions\/1629"}],"wp:attachment":[{"href":"https:\/\/www.nanyanggroups.com\/pt\/wp-json\/wp\/v2\/media?parent=3"}],"curies":[{"name":"wp","href":"https:\/\/api.w.org\/{rel}","templated":true}]}}